{"id":358,"date":"2021-01-03T21:38:21","date_gmt":"2021-01-03T20:38:21","guid":{"rendered":"http:\/\/fmrr94.no-ip.biz\/wordpress\/?page_id=358"},"modified":"2021-01-03T21:39:05","modified_gmt":"2021-01-03T20:39:05","slug":"patlotch2013","status":"publish","type":"page","link":"https:\/\/fmrr94.no-ip.biz\/cathyfrancois\/patlotch2013\/","title":{"rendered":"Patlotch2013"},"content":{"rendered":"\n<p class=\"wp-block-paragraph\">Cet article est tir\u00e9 de ce site ==&gt; <a href=\"https:\/\/patlotch.com\/text\/488b2cdb(Patlotch2013)-188.html\" target=\"_blank\" rel=\"noreferrer noopener\">Patlotch2013<\/a> temps forts, temps faibles&#8230; Harmonie vs Rythme&nbsp;<\/p>\n\n\n\n<p class=\"wp-block-paragraph\"><img decoding=\"async\" src=\"http:\/\/hitskin.com\/themes\/13\/00\/36\/i_icon_minipost.png\" alt=\"Message\">&nbsp;par&nbsp;<a href=\"https:\/\/patlotch.com\/u1133\"><strong>Patlotch<\/strong><\/a> <em>le Mer 9 Oct 2013<\/em> &nbsp; Un des premiers trucs indispensables pour \u00e9couter le jazz est d&#8217;int\u00e9grer <em>corporellement<\/em> la notion de <strong>temps faibles<\/strong> et <strong>temps forts<\/strong>. g\u00e9n\u00e9ralement, dans une mesure \u00e0 quatre temps (4\/4) ils sont distribu\u00e9s comme suit :<br><br>&#8211; les temps 1 et 3 sont <em>forts harmoniquement = faibles rythmiquement<\/em><br>&#8211; les temps 2 et 4 sont <em>forts rythmiquement = faibles harmoniquement<\/em><br><br>Les instruments qui produisent l&#8217;harmonie (contrebasse, piano, guitare&#8230;) changent d&#8217;accord sur le premier temps (en fait ils suivent la grille, mais dans nombre de standards, le changement intervient sur le premier temps de chaque mesure, parfois deux fois par mesure, sur 1 et 3).<br><br>Les instruments rythmiques (batterie, contrebasse, guitare&#8230;) accentuent les temps forts rythmique 2 et 4. C&#8217;est la raison pour laquelle, quand on tape dans ses mains, il faut le faire sur ces temps-l\u00e0, et non sur 1 et 3, comme on le reprochait aux publics fran\u00e7ais, qui tapaient (et parfois encore) dans les mains &#8220;\u00e0 l&#8217;envers&#8221;, sur 1 et 3.<br><br>Une bonne mani\u00e8re de sentir le rythme est de battre du pied sur 1 et 3, et des mains sur 2 et 4, voire seulement sur 2 (c&#8217;est valable aussi pour la bossa, le rock&#8230; dans une approche \u00e9l\u00e9mentaire). On se retrouve g\u00e9n\u00e9ralement en phase avec le jeu du batteur, ou du contrebassiste dans le walking, qui change d&#8217;harmonie sur 1 et 3 et joue plus fort des notes de passage sur 2 et 4. Quand le contrebassiste joue &#8220;\u00e0 la blanche&#8221; (in two), la base de son jeu consiste \u00e0 ne jouer que 2 notes par mesure \u00e0 4\/4, sur 1 et 3.<br><br>Naturellement, cela \u00e9volue dans l&#8217;histoire du jazz. Au d\u00e9part <em>l&#8217;afterbeat<\/em> (contretemps 2 et 4) est tr\u00e8s marqu\u00e9, comme dans le <strong>Hot Five de Louis Armstrong<\/strong>. Nombreux <em>stop chorus<\/em> dans ce morceau, cad que le soliste joue pendant que l&#8217;orchestre s&#8217;arr\u00eate, ici chaque deux mesures&#8230; Pour le reste, le tuba joue <em>\u00e0 la blanche<\/em> autour de 1 et 3, le banjo accentue 2 et 4 (c&#8217;est aussi la base de <em>la pompe<\/em>, dans le style manouche, les premiers instruments de ce style \u00e9tant non des guitares mais des banjos-guitares, \u00e0 6 cordes)<br><br><object data=\"http:\/\/www.youtube.com\/v\/xO3k-S_pqK4\" type=\"application\/x-shockwave-flash\" width=\"425\" height=\"350\"><\/object><br><br>\u2026 ou l&#8217;orchestre de <strong>Fletcher Henderson<\/strong>. Noter ici le chorus de <strong>Coleman Hawkins<\/strong>, encore tr\u00e8s staccato (c&#8217;est 10 ans avant qu&#8217;il r\u00e9volutionne le saxophone), les trios de clarinettes, la rythmique derri\u00e8re le solo de trompette&#8230;<br><br>&gt; <a href=\"http:\/\/www.youtube.com\/watch?feature=player_embedded&amp;v=c7iz5_pHTzM\" target=\"_blank\" rel=\"noreferrer noopener\">http:\/\/www.youtube.com\/watch?feature=player_embedded&amp;v=c7iz5_pHTzM<\/a><br><br>C&#8217;est encore le cas dans l&#8217;orchestre de <strong>Jimmy Lunceford<\/strong>, avec <strong>Hank Crawford<\/strong> \u00e0 la batterie, le two beat \u00e9tant la marque de fabrique de l&#8217;orchestre.<br><br>&gt; <a href=\"http:\/\/www.youtube.com\/watch?feature=player_detailpage&amp;v=4GYqOzpnSXU\" target=\"_blank\" rel=\"noreferrer noopener\">http:\/\/www.youtube.com\/watch?feature=player_detailpage&amp;v=4GYqOzpnSXU<\/a><br><br>L&#8217;exercice du jour <img decoding=\"async\" src=\"http:\/\/illiweb.com\/fa\/i\/smiles\/icon_basketball.gif\" alt=\"Basketball\"> consiste \u00e0 chercher le 1er temps de chaque mesure, \u00e0 marquer les 2 et 4 en tapant des mains, puis \u00e0 taper du pied sur 1 et 3, enfin le tout ensemble. &nbsp; Parfois les temps sont marqu\u00e9s de fa\u00e7on plus \u00e9gales rythmiquement, l&#8217;accentuation plus l\u00e9g\u00e8re mais l&#8217;harmonie est jou\u00e9e <em>in two<\/em>. Ici on per\u00e7oit le tuba sur 1 et 3. Pour moi, <strong>Bubber Miley<\/strong> \u00e0 la trompette Wha wha est le Jimmy Hendrix de son temps&#8230;<br><br><strong>Duke Ellington<\/strong>, <em>Black and Tan Fantasy<\/em> &gt; <a href=\"http:\/\/www.youtube.com\/watch?v=GN3_c1OnA3s\" target=\"_blank\" rel=\"noreferrer noopener\">http:\/\/www.youtube.com\/watch?v=GN3_c1OnA3s<\/a><br><br>Le principe reste valide pour des tempos plus enlev\u00e9s. Ici <strong>Sidney Bechet<\/strong>, sur une rythmique qui passe, \u00e0 la contrebasse, du two beat au walking, et un fort contre-temps marqu\u00e9 \u00e0 la caisse claire jou\u00e9e (aux balais semble-t-il).<br><br>1932 <em>Shag<\/em> &gt; <a href=\"http:\/\/www.youtube.com\/watch?v=3--PWzbdBgE\" target=\"_blank\" rel=\"noreferrer noopener\">http:\/\/www.youtube.com\/watch?v=3&#8211;PWzbdBgE<\/a> Bechet a une telle p\u00eache qu&#8217;il semble (en)tra\u00eener la rythmique, ce qui sera bien pire avec certains de ses musiciens fran\u00e7ais&#8230; Mais c&#8217;est aussi le cas parfois de Lionel Hampton ou d&#8217;Armstrong, qui n&#8217;a pas toujours \u00e9t\u00e9 accompagn\u00e9 par des musiciens \u00e0 la hauteur&#8230;<br><br>Bechet, d\u00e8s avant les ann\u00e9es 20, est un des plus virtuoses \u00e0 la clarinette et au saxophone soprano. Son influence est d\u00e9terminante sur toute l&#8217;histoire du saxophone. <strong>Coltrane<\/strong> s&#8217;en souviendra, avec son <em>Blues to Bechet<\/em>, au soprano &gt; <a href=\"http:\/\/www.youtube.com\/watch?v=LcvdeGHNnmI\" target=\"_blank\" rel=\"noreferrer noopener\">http:\/\/www.youtube.com\/watch?v=LcvdeGHNnmI<\/a><\/p>\n","protected":false},"excerpt":{"rendered":"<p>Cet article est tir\u00e9 de ce site ==&gt; Patlotch2013 temps forts, temps faibles&#8230; Harmonie vs Rythme&nbsp; &nbsp;par&nbsp;Patlotch le Mer 9 Oct 2013 &nbsp; Un des premiers trucs indispensables pour \u00e9couter le jazz est d&#8217;int\u00e9grer corporellement la notion de temps faibles et temps forts. g\u00e9n\u00e9ralement, dans une mesure \u00e0 quatre temps (4\/4) ils sont distribu\u00e9s comme [&hellip;]<\/p>\n","protected":false},"author":1,"featured_media":0,"parent":0,"menu_order":0,"comment_status":"closed","ping_status":"closed","template":"","meta":{"_crdt_document":"","_lmt_disableupdate":"yes","_lmt_disable":"","_monsterinsights_skip_tracking":false,"_monsterinsights_sitenote_active":false,"_monsterinsights_sitenote_note":"","_monsterinsights_sitenote_category":0,"_uf_show_specific_survey":0,"_uf_disable_surveys":false,"ocean_post_layout":"","ocean_both_sidebars_style":"","ocean_both_sidebars_content_width":0,"ocean_both_sidebars_sidebars_width":0,"ocean_sidebar":"0","ocean_second_sidebar":"0","ocean_disable_margins":"enable","ocean_add_body_class":"","ocean_shortcode_before_top_bar":"","ocean_shortcode_after_top_bar":"","ocean_shortcode_before_header":"","ocean_shortcode_after_header":"","ocean_has_shortcode":"","ocean_shortcode_after_title":"","ocean_shortcode_before_footer_widgets":"","ocean_shortcode_after_footer_widgets":"","ocean_shortcode_before_footer_bottom":"","ocean_shortcode_after_footer_bottom":"","ocean_display_top_bar":"default","ocean_display_header":"default","ocean_header_style":"","ocean_center_header_left_menu":"0","ocean_custom_header_template":"0","ocean_custom_logo":0,"ocean_custom_retina_logo":0,"ocean_custom_logo_max_width":0,"ocean_custom_logo_tablet_max_width":0,"ocean_custom_logo_mobile_max_width":0,"ocean_custom_logo_max_height":0,"ocean_custom_logo_tablet_max_height":0,"ocean_custom_logo_mobile_max_height":0,"ocean_header_custom_menu":"0","ocean_menu_typo_font_family":"0","ocean_menu_typo_font_subset":"","ocean_menu_typo_font_size":0,"ocean_menu_typo_font_size_tablet":0,"ocean_menu_typo_font_size_mobile":0,"ocean_menu_typo_font_size_unit":"px","ocean_menu_typo_font_weight":"","ocean_menu_typo_font_weight_tablet":"","ocean_menu_typo_font_weight_mobile":"","ocean_menu_typo_transform":"","ocean_menu_typo_transform_tablet":"","ocean_menu_typo_transform_mobile":"","ocean_menu_typo_line_height":0,"ocean_menu_typo_line_height_tablet":0,"ocean_menu_typo_line_height_mobile":0,"ocean_menu_typo_line_height_unit":"","ocean_menu_typo_spacing":0,"ocean_menu_typo_spacing_tablet":0,"ocean_menu_typo_spacing_mobile":0,"ocean_menu_typo_spacing_unit":"","ocean_menu_link_color":"","ocean_menu_link_color_hover":"","ocean_menu_link_color_active":"","ocean_menu_link_background":"","ocean_menu_link_hover_background":"","ocean_menu_link_active_background":"","ocean_menu_social_links_bg":"","ocean_menu_social_hover_links_bg":"","ocean_menu_social_links_color":"","ocean_menu_social_hover_links_color":"","ocean_disable_title":"default","ocean_disable_heading":"default","ocean_post_title":"","ocean_post_subheading":"","ocean_post_title_style":"","ocean_post_title_background_color":"","ocean_post_title_background":0,"ocean_post_title_bg_image_position":"","ocean_post_title_bg_image_attachment":"","ocean_post_title_bg_image_repeat":"","ocean_post_title_bg_image_size":"","ocean_post_title_height":0,"ocean_post_title_bg_overlay":0.5,"ocean_post_title_bg_overlay_color":"","ocean_disable_breadcrumbs":"default","ocean_breadcrumbs_color":"","ocean_breadcrumbs_separator_color":"","ocean_breadcrumbs_links_color":"","ocean_breadcrumbs_links_hover_color":"","ocean_display_footer_widgets":"default","ocean_display_footer_bottom":"default","ocean_custom_footer_template":"0","footnotes":""},"class_list":["post-358","page","type-page","status-publish","hentry","entry"],"aioseo_notices":[],"_links":{"self":[{"href":"https:\/\/fmrr94.no-ip.biz\/cathyfrancois\/wp-json\/wp\/v2\/pages\/358","targetHints":{"allow":["GET"]}}],"collection":[{"href":"https:\/\/fmrr94.no-ip.biz\/cathyfrancois\/wp-json\/wp\/v2\/pages"}],"about":[{"href":"https:\/\/fmrr94.no-ip.biz\/cathyfrancois\/wp-json\/wp\/v2\/types\/page"}],"author":[{"embeddable":true,"href":"https:\/\/fmrr94.no-ip.biz\/cathyfrancois\/wp-json\/wp\/v2\/users\/1"}],"replies":[{"embeddable":true,"href":"https:\/\/fmrr94.no-ip.biz\/cathyfrancois\/wp-json\/wp\/v2\/comments?post=358"}],"version-history":[{"count":0,"href":"https:\/\/fmrr94.no-ip.biz\/cathyfrancois\/wp-json\/wp\/v2\/pages\/358\/revisions"}],"wp:attachment":[{"href":"https:\/\/fmrr94.no-ip.biz\/cathyfrancois\/wp-json\/wp\/v2\/media?parent=358"}],"curies":[{"name":"wp","href":"https:\/\/api.w.org\/{rel}","templated":true}]}}