{"id":2,"date":"2020-12-04T22:35:59","date_gmt":"2020-12-04T21:35:59","guid":{"rendered":"http:\/\/localhost\/wordpress\/?page_id=2"},"modified":"2021-01-06T15:52:22","modified_gmt":"2021-01-06T14:52:22","slug":"page-d-exemple","status":"publish","type":"page","link":"https:\/\/fmrr94.no-ip.biz\/cathyfrancois\/page-d-exemple\/","title":{"rendered":"A propos"},"content":{"rendered":"\n<p class=\"wp-block-paragraph\"><\/p>\n\n\n\n<p class=\"wp-block-paragraph\">Bonjour\u00a0! Cathy et Fran\u00e7ois vous accueillent ici pour partager des documents (photographie, vid\u00e9os, articles, etc..) avec vous. Nos passions la danse, la musique, les voyages et les amis et la famille bien s\u00fbr. Mais aussi Cathy aime faire du footing, danser et Fran\u00e7ois de la simulation de vol et de l&#8217;informatique. Ce menu vous propose :<\/p>\n\n\n\n<ul class=\"wp-block-list\"><li>une fiche pour nous contacter<\/li><li>une inscription au site<\/li><li>une inscription \u00e0 notre &#8220;news letter&#8221;<\/li><li>Notre politique de confidentialit\u00e9<\/li><li>Les mentions l\u00e9gales de ce site<\/li><\/ul>\n\n\n\n<p class=\"wp-block-paragraph\">Nous esp\u00e9rons que vous allez appr\u00e9cier ce site et au plaisir de nous rencontrer.<\/p>\n","protected":false},"excerpt":{"rendered":"<p>Bonjour\u00a0! Cathy et Fran\u00e7ois vous accueillent ici pour partager des documents (photographie, vid\u00e9os, articles, etc..) avec vous. Nos passions la danse, la musique, les voyages et les amis et la famille bien s\u00fbr. Mais aussi Cathy aime faire du footing, danser et Fran\u00e7ois de la simulation de vol et de l&#8217;informatique. Ce menu vous propose [&hellip;]<\/p>\n","protected":false},"author":1,"featured_media":0,"parent":0,"menu_order":0,"comment_status":"closed","ping_status":"open","template":"","meta":{"_crdt_document":"","_lmt_disableupdate":"yes","_lmt_disable":"","_monsterinsights_skip_tracking":false,"_monsterinsights_sitenote_active":false,"_monsterinsights_sitenote_note":"","_monsterinsights_sitenote_category":0,"_uf_show_specific_survey":0,"_uf_disable_surveys":false,"ocean_post_layout":"","ocean_both_sidebars_style":"","ocean_both_sidebars_content_width":0,"ocean_both_sidebars_sidebars_width":0,"ocean_sidebar":"0","ocean_second_sidebar":"0","ocean_disable_margins":"enable","ocean_add_body_class":"","ocean_shortcode_before_top_bar":"","ocean_shortcode_after_top_bar":"","ocean_shortcode_before_header":"","ocean_shortcode_after_header":"","ocean_has_shortcode":"","ocean_shortcode_after_title":"","ocean_shortcode_before_footer_widgets":"","ocean_shortcode_after_footer_widgets":"","ocean_shortcode_before_footer_bottom":"","ocean_shortcode_after_footer_bottom":"","ocean_display_top_bar":"default","ocean_display_header":"default","ocean_header_style":"","ocean_center_header_left_menu":"0","ocean_custom_header_template":"0","ocean_custom_logo":0,"ocean_custom_retina_logo":0,"ocean_custom_logo_max_width":0,"ocean_custom_logo_tablet_max_width":0,"ocean_custom_logo_mobile_max_width":0,"ocean_custom_logo_max_height":0,"ocean_custom_logo_tablet_max_height":0,"ocean_custom_logo_mobile_max_height":0,"ocean_header_custom_menu":"0","ocean_menu_typo_font_family":"0","ocean_menu_typo_font_subset":"","ocean_menu_typo_font_size":0,"ocean_menu_typo_font_size_tablet":0,"ocean_menu_typo_font_size_mobile":0,"ocean_menu_typo_font_size_unit":"px","ocean_menu_typo_font_weight":"","ocean_menu_typo_font_weight_tablet":"","ocean_menu_typo_font_weight_mobile":"","ocean_menu_typo_transform":"","ocean_menu_typo_transform_tablet":"","ocean_menu_typo_transform_mobile":"","ocean_menu_typo_line_height":0,"ocean_menu_typo_line_height_tablet":0,"ocean_menu_typo_line_height_mobile":0,"ocean_menu_typo_line_height_unit":"","ocean_menu_typo_spacing":0,"ocean_menu_typo_spacing_tablet":0,"ocean_menu_typo_spacing_mobile":0,"ocean_menu_typo_spacing_unit":"","ocean_menu_link_color":"","ocean_menu_link_color_hover":"","ocean_menu_link_color_active":"","ocean_menu_link_background":"","ocean_menu_link_hover_background":"","ocean_menu_link_active_background":"","ocean_menu_social_links_bg":"","ocean_menu_social_hover_links_bg":"","ocean_menu_social_links_color":"","ocean_menu_social_hover_links_color":"","ocean_disable_title":"default","ocean_disable_heading":"default","ocean_post_title":"","ocean_post_subheading":"","ocean_post_title_style":"","ocean_post_title_background_color":"","ocean_post_title_background":0,"ocean_post_title_bg_image_position":"","ocean_post_title_bg_image_attachment":"","ocean_post_title_bg_image_repeat":"","ocean_post_title_bg_image_size":"","ocean_post_title_height":0,"ocean_post_title_bg_overlay":0.5,"ocean_post_title_bg_overlay_color":"","ocean_disable_breadcrumbs":"default","ocean_breadcrumbs_color":"","ocean_breadcrumbs_separator_color":"","ocean_breadcrumbs_links_color":"","ocean_breadcrumbs_links_hover_color":"","ocean_display_footer_widgets":"default","ocean_display_footer_bottom":"default","ocean_custom_footer_template":"0","footnotes":""},"class_list":["post-2","page","type-page","status-publish","hentry","entry"],"aioseo_notices":[],"_links":{"self":[{"href":"https:\/\/fmrr94.no-ip.biz\/cathyfrancois\/wp-json\/wp\/v2\/pages\/2","targetHints":{"allow":["GET"]}}],"collection":[{"href":"https:\/\/fmrr94.no-ip.biz\/cathyfrancois\/wp-json\/wp\/v2\/pages"}],"about":[{"href":"https:\/\/fmrr94.no-ip.biz\/cathyfrancois\/wp-json\/wp\/v2\/types\/page"}],"author":[{"embeddable":true,"href":"https:\/\/fmrr94.no-ip.biz\/cathyfrancois\/wp-json\/wp\/v2\/users\/1"}],"replies":[{"embeddable":true,"href":"https:\/\/fmrr94.no-ip.biz\/cathyfrancois\/wp-json\/wp\/v2\/comments?post=2"}],"version-history":[{"count":0,"href":"https:\/\/fmrr94.no-ip.biz\/cathyfrancois\/wp-json\/wp\/v2\/pages\/2\/revisions"}],"wp:attachment":[{"href":"https:\/\/fmrr94.no-ip.biz\/cathyfrancois\/wp-json\/wp\/v2\/media?parent=2"}],"curies":[{"name":"wp","href":"https:\/\/api.w.org\/{rel}","templated":true}]}}