{"id":10149,"date":"2026-02-23T08:30:06","date_gmt":"2026-02-23T07:30:06","guid":{"rendered":"https:\/\/fmrr94.no-ip.biz\/cathyfrancois\/?page_id=10149"},"modified":"2026-04-06T09:38:37","modified_gmt":"2026-04-06T07:38:37","slug":"archive-2026-2","status":"publish","type":"page","link":"https:\/\/fmrr94.no-ip.biz\/cathyfrancois\/archive-2026-2\/","title":{"rendered":"Archive-2026"},"content":{"rendered":"<p><a href=\"https:\/\/fmrr94.no-ip.biz\/cathyfrancois\/archives\/archive-2025\/\" target=\"_blank\" rel=\"noopener\">Acc\u00e8s \u00e0 l\u2019ann\u00e9e pr\u00e9c\u00e9dente<\/a>\u00a0 \u00a0 \u00a0 \u00a0 \u00a0 \u00a0 \u00a0 \u00a0 \u00a0 \u00a0 \u00a0 \u00a0 \u00a0 \u00a0 \u00a0 \u00a0 \u00a0 \u00a0 \u00a0 \u00a0 \u00a0 \u00a0 \u00a0 \u00a0 \u00a0 \u00a0 \u00a0 \u00a0 \u00a0 \u00a0 \u00a0 \u00a0 \u00a0 \u00a0 \u00a0 \u00a0 \u00a0 \u00a0 \u00a0 \u00a0 \u00a0 \u00a0 \u00a0 \u00a0 \u00a0 \u00a0 \u00a0 \u00a0 \u00a0 \u00a0 \u00a0 \u00a0 \u00a0 \u00a0 \u00a0 \u00a0 \u00a0 \u00a0 \u00a0 \u00a0 \u00a0 \u00a0 \u00a0 \u00a0 \u00a0 \u00a0 \u00a0 \u00a0 \u00a0 \u00a0 \u00a0 \u00a0 \u00a0 \u00a0 \u00a0 \u00a0 \u00a0 \u00a0 \u00a0 \u00a0 \u00a0 \u00a0 \u00a0 \u00a0 \u00a0 \u00a0 \u00a0 \u00a0 \u00a0 \u00a0 \u00a0 \u00a0 \u00a0 \u00a0 \u00a0 \u00a0 \u00a0 \u00a0 \u00a0 \u00a0 \u00a0 \u00a0 \u00a0 \u00a0 \u00a0 \u00a0 \u00a0 \u00a0 \u00a0 \u00a0 \u00a0 \u00a0 \u00a0 \u00a0 \u00a0 \u00a0 \u00a0 \u00a0 \u00a0 \u00a0 \u00a0 \u00a0 <a href=\"https:\/\/fmrr94.no-ip.biz\/cathyfrancois\/archive-2026\/\" target=\"_blank\" rel=\"noopener\">Acc\u00e8s \u00e0 l\u2019ann\u00e9e suivante<\/a><\/p>\n<p>Et pour terminer lundi avec un temps magnifique ==&gt;<\/p>\n<p>Le dimanche pour ce weekend de P\u00e2ques ==&gt; <a href=\"https:\/\/fmrr94.no-ip.biz\/2026-04-05-IMPROMPTU-SWING-PLACE-COLETTE\/\" target=\"_blank\" rel=\"noopener\">2026-04-05-IMPROMPTU-SWING-PLACE-COLETTE<\/a><\/p>\n<p>Le weekend pascal commence ce samedi \u00e0 la place Colette ==&gt; <a href=\"https:\/\/fmrr94.no-ip.biz\/2026-04-04-IMPROMPTU-SWING-PLACE-COLETTE\" target=\"_blank\" rel=\"noopener\">2026-04-04-IMPROMPTU-SWING-PLACE-COLETTE<\/a><\/p>\n<p>Un weekend dans la r\u00e9gion de Tours ==&gt; <a href=\"https:\/\/fmrr94.no-ip.biz\/2026-03-27---28-TOURS\/index.html\" target=\"_blank\" rel=\"noopener\">2026-03-27&#8212;28-TOURS<\/a><\/p>\n<p>Dimanche \u00e0 Paris c&#8217;est <a href=\"https:\/\/fmrr94.no-ip.biz\/2026-03-22-IMPROMPTU-SWING-PLACE-COLETTE\/index.html\" target=\"_blank\" rel=\"noopener\">2026-03-22-IMPROMPTU-SWING-PLACE-COLETTE<\/a><\/p>\n<p>Weekend \u00e0 Royat pour le <a href=\"https:\/\/fmrr94.no-ip.biz\/2026-03-20---21-SWING-ZY-ROYAT\/\" target=\"_blank\" rel=\"noopener\">Swing&#8217;Zy festival<\/a><\/p>\n<p>Weekend \u00e0 Varsovie ==&gt; <a href=\"https:\/\/fmrr94.no-ip.biz\/2026-03-12---15-RETRO-SWING-FESTIVAL-VARSOVIE\/index.html\" target=\"_blank\" rel=\"noopener\">2026-03-12&#8212;15-RETRO-SWING-FESTIVAL-VARSOVIE<\/a><\/p>\n<p>Dimanche un autre impromptu swing moins r\u00e9ussi ==&gt; <a href=\"https:\/\/fmrr94.no-ip.biz\/2026-03-08-IMPROMPTU-SWING-PLACE-COLETTE\/\" target=\"_blank\" rel=\"noopener\">2026-03-08-IMPROMPTU-SWING-PLACE-COLETTE<\/a> avec le live band Swing Swang Swung : Eddie Moore, trompette, voix, Jedwards, trombone, Fred Marqu\u00e8s, guitare, Yann Phayphet, contrebasse. Toujours gr\u00e2ce \u00e0 <span class=\"html-span xdj266r x14z9mp xat24cr x1lziwak xexx8yu xyri2b x18d9i69 x1c1uobl x1hl2dhg x16tdsg8 x1vvkbs\"><a class=\"x1i10hfl xjbqb8w x1ejq31n x18oe1m7 x1sy0etr xstzfhl x972fbf x10w94by x1qhh985 x14e42zd x9f619 x1ypdohk xt0psk2 x3ct3a4 xdj266r x14z9mp xat24cr x1lziwak xexx8yu xyri2b x18d9i69 x1c1uobl x16tdsg8 x1hl2dhg xggy1nq x1a2a7pz xkrqix3 x1sur9pj x1fey0fg x1s688f\" tabindex=\"0\" role=\"link\" href=\"https:\/\/www.facebook.com\/monsieur.gautier?__cft__[0]=AZYE8We0D6x2DQM6_qwKsL6YZ6dK33emBerFZ1xOGvu4TbOUSMC1CQA9_WzS3wvYyRDd33RwppMHZj0Xm_UcXXgzXxJJg6OwGvmfyqxsVChBGZkh0FAKtvo7k_hULA1xsG11Dx0huTeufYbuLEYChULZTGzwseTv0UKWHN9VnNJZag&amp;__tn__=-]K-R\"><span class=\"xt0psk2\"><span class=\"xjp7ctv\">Sylvain Gautier<\/span><\/span><\/a><\/span> , organisateur et DJ de l&#8217;Impromptu Swing.<\/p>\n<p>Le samedi c&#8217;est Impromptu Swing ==&gt; <a href=\"https:\/\/fmrr94.no-ip.biz\/2026-03-07-IMPROMPTU-SWING-PLACE-COLETTE\/\" target=\"_blank\" rel=\"noopener\">2026-03-07-IMPROMPTU-SWING-PLACE-COLETTE<\/a> avec Swingin&#8217; Paris avec Billy Collins, banjo, voix, Hippolyte F\u00e8vre, trompette, voix, Mat\u00e9o Piaggi, trombone, Mattia Vendramin, contrebasse. Sans oublier l&#8217;organisateur de l&#8217;impromptu swing et DJ <span class=\"html-span xdj266r x14z9mp xat24cr x1lziwak xexx8yu xyri2b x18d9i69 x1c1uobl x1hl2dhg x16tdsg8 x1vvkbs\"><a class=\"x1i10hfl xjbqb8w x1ejq31n x18oe1m7 x1sy0etr xstzfhl x972fbf x10w94by x1qhh985 x14e42zd x9f619 x1ypdohk xt0psk2 x3ct3a4 xdj266r x14z9mp xat24cr x1lziwak xexx8yu xyri2b x18d9i69 x1c1uobl x16tdsg8 x1hl2dhg xggy1nq x1a2a7pz xkrqix3 x1sur9pj x1fey0fg x1s688f\" tabindex=\"0\" role=\"link\" href=\"https:\/\/www.facebook.com\/monsieur.gautier?__cft__[0]=AZaxZRKRu49DcwllmYfaFBdO9qteh6hD7tN6KJy2WucWVK4gKGRtR_-Vc8riE27wr-ZMJ9sSvvNbH4PBvERiwabatHdb1NmVzIwnbC7aQ3Z8OVjBbOmZD8quEsgsYpMfTJ-SjP-LJ2fLfRtaXDsISAkyg7v9Z0-pjIV3TK4AN_po6g&amp;__tn__=-]K-R\"><span class=\"xt0psk2\"><span class=\"xjp7ctv\">Sylvain Gautier<\/span><\/span><\/a><\/span><\/p>\n<p>A Paris au studio l&#8217;Hermitage ==&gt; <a href=\"https:\/\/fmrr94.no-ip.biz\/2026-03-06-BAL-SWING-STUDIO-L-HERMITAGE\/\" target=\"_blank\" rel=\"noopener\">2026-03-06-BAL-SWING-STUDIO-L-HERMITAGE<\/a> avec le tr\u00e8s rythmique CHARLYE DREAM &amp; THE DREAM TEAM. Avec auparavant , une initiation de <span class=\"html-span xdj266r x14z9mp xat24cr x1lziwak xexx8yu xyri2b x18d9i69 x1c1uobl x1hl2dhg x16tdsg8 x1vvkbs\"><a class=\"x1i10hfl xjbqb8w x1ejq31n x18oe1m7 x1sy0etr xstzfhl x972fbf x10w94by x1qhh985 x14e42zd x9f619 x1ypdohk xt0psk2 x3ct3a4 xdj266r x14z9mp xat24cr x1lziwak xexx8yu xyri2b x18d9i69 x1c1uobl x16tdsg8 x1hl2dhg xggy1nq x1a2a7pz xkrqix3 x1sur9pj x1fey0fg x1s688f\" tabindex=\"0\" role=\"link\" href=\"https:\/\/www.facebook.com\/manuel.troiss?__cft__[0]=AZaQ91SB6nVPtWKxM0j4EGa3PU-lZXCed106iBR6Dsu6uY1mvlPD_pJILRloTM88o31cO7QcRXRE_E7b2_KDrr8Ha99-q0H6YDY7rSGgfsBGOeNYq94emBLUE0SthAlZe8rBMWWkSLvFKRCVGQ6S_QVJTc92k0fGa8pQmAoNb02m_g&amp;__tn__=-]K-R\"><span class=\"xt0psk2\"><span class=\"xjp7ctv\">Manuel Trois-s<\/span><\/span><\/a><\/span> et Marie, sa partenaire, sans oublier l&#8217;excellente musique , entre les sets , du DJ <span class=\"html-span xdj266r x14z9mp xat24cr x1lziwak xexx8yu xyri2b x18d9i69 x1c1uobl x1hl2dhg x16tdsg8 x1vvkbs\"><a class=\"x1i10hfl xjbqb8w x1ejq31n x18oe1m7 x1sy0etr xstzfhl x972fbf x10w94by x1qhh985 x14e42zd x9f619 x1ypdohk xt0psk2 x3ct3a4 xdj266r x14z9mp xat24cr x1lziwak xexx8yu xyri2b x18d9i69 x1c1uobl x16tdsg8 x1hl2dhg xggy1nq x1a2a7pz xkrqix3 x1sur9pj x1fey0fg x1s688f\" tabindex=\"0\" role=\"link\" href=\"https:\/\/www.facebook.com\/eric.louvart?__cft__[0]=AZaQ91SB6nVPtWKxM0j4EGa3PU-lZXCed106iBR6Dsu6uY1mvlPD_pJILRloTM88o31cO7QcRXRE_E7b2_KDrr8Ha99-q0H6YDY7rSGgfsBGOeNYq94emBLUE0SthAlZe8rBMWWkSLvFKRCVGQ6S_QVJTc92k0fGa8pQmAoNb02m_g&amp;__tn__=-]K-R\"><span class=\"xt0psk2\"><span class=\"xjp7ctv\">Eric Louvart<\/span><\/span><\/a><\/span><\/p>\n<p>A Paris ==&gt; <a href=\"https:\/\/fmrr94.no-ip.biz\/2026-03-01-IMPROMPTU-SWING-PLACE-COLETTE\/\" target=\"_blank\" rel=\"noopener\">2026-03-01-IMPROMPTU-SWING-PLACE-COLETTE<\/a> avec les deux soeurs Petronella et Nanna Carling, de la c\u00e9l\u00e8bre Carling family swing band, venues de Su\u00e8de pour nous faire danser et avec : Hippolyte F\u00e8vre, trompette, voix, Billy Collins, guitare, voix, Laurent Le Gall, contrebasse.<\/p>\n<p>A Rennes le RainBow Swing Festival ==&gt; <a href=\"https:\/\/fmrr94.no-ip.biz\/2026-02-27---28-RAINBOW-SWING-FESTIVAL-RENNES\/\" target=\"_blank\" rel=\"noopener\">2026-02-27&#8212;28-RAINBOW-SWING-FESTIVAL-RENNES<\/a><\/p>\n<p>A Paris Impromptu Swing place Colette ==&gt; <a href=\"https:\/\/fmrr94.no-ip.biz\/2026-02-22-IMPROMPTU-SWING-PLACE-COLETTE\/\" target=\"_blank\" rel=\"noopener\">2026-02-22-IMPROMPTU-SWING-PLACE-COLETTE<\/a><\/p>\n<p>A Paris l\u2019impromptu Swing du samedi ==&gt;\u00a0<a href=\"https:\/\/fmrr94.no-ip.biz\/2026-02-21-IMPROMPTU-SWING-PLACE-COLETTE\/\" target=\"_blank\" rel=\"noopener\">2026-02-21-IMPROMPTU-SWING-PLACE-COLETTE<\/a><\/p>\n<p>A Paris aux deux pianos ==&gt;\u00a0<a href=\"https:\/\/fmrr94.no-ip.biz\/2026-02-15-LES-2-PIANOS\/\" target=\"_blank\" rel=\"noopener\">2026-02-15-LES-2-PIANOS<\/a><\/p>\n<p>A Paris Swing place Colette ==&gt;\u00a0<a href=\"https:\/\/fmrr94.no-ip.biz\/2026-02-14-IMPROMPTU-SWING-PLACE-COLETTE\/\" target=\"_blank\" rel=\"noopener\">2026-02-14-IMPROMPTU-SWING-PLACE-COLETTE<\/a><\/p>\n<p>Un weekend \u00e0 Budapest pour un petit festival swing ==&gt;\u00a0<a href=\"https:\/\/fmrr94.no-ip.biz\/2026-02-06---09-BUDAPEST-ONE-MINUTE-CHALLENGE\/\" target=\"_blank\" rel=\"noopener\">2026-02-06\u201409-BUDAPEST-ONE-MINUTE-CHALLENGE<\/a><\/p>\n<p>A Paris place Colette ==&gt;\u00a0<a href=\"https:\/\/fmrr94.no-ip.biz\/2026-01-31-IMPROMPTU-SWING-PLACE-COLETTE\/\" target=\"_blank\" rel=\"noopener\">2026-01-31-IMPROMPTU-SWING-PLACE-COLETTE<\/a><\/p>\n<p>A Epinay sur Seine ==&gt;\u00a0<a href=\"https:\/\/fmrr94.no-ip.biz\/2026-01-25-BETTY-AND-THE-SWEET-FIVE\/\" target=\"_blank\" rel=\"noopener\">2026-01-25-BETTY-AND-THE-SWEET-FIVE<\/a><\/p>\n<p>A Berlin ==&gt;\u00a0<a href=\"https:\/\/fmrr94.no-ip.biz\/2026-01-22---24-SWING-IT-BERLIN\/index.html\" target=\"_blank\" rel=\"noopener\">2026-01-22\u201424-SWING-IT-BERLIN<\/a>\u00a0\u2013 Hot swing Sextet \u2013 The fat six \u2013 The swing dance Orchestra de David Hermlin<\/p>\n<p>A Paris aux deux pianos ==&gt;\u00a0<a href=\"https:\/\/fmrr94.no-ip.biz\/2026-01-18-LES-2-PIANOS\/\" target=\"_blank\" rel=\"noopener\">2026-01-18-LES-2-PIANOS<\/a> \u00a0avec Bj\u00f6rn Ingelstam \u2013 Trompette \/ Chant \u2014\u00a0<span class=\"html-span xdj266r x14z9mp xat24cr x1lziwak xexx8yu xyri2b x18d9i69 x1c1uobl x1hl2dhg x16tdsg8 x1vvkbs\"><a class=\"x1i10hfl xjbqb8w x1ejq31n x18oe1m7 x1sy0etr xstzfhl x972fbf x10w94by x1qhh985 x14e42zd x9f619 x1ypdohk xt0psk2 x3ct3a4 xdj266r x14z9mp xat24cr x1lziwak xexx8yu xyri2b x18d9i69 x1c1uobl x16tdsg8 x1hl2dhg xggy1nq x1a2a7pz xkrqix3 x1sur9pj x1fey0fg x1s688f\" tabindex=\"0\" role=\"link\" href=\"https:\/\/www.facebook.com\/felix.hunot?__cft__[0]=AZYLqQ_33N5kH4M9Oe-sqFGIBnT1fVImAKz1kk-vR-IKOOtoF8f6s20EpXbkzocDsxJiOB0wIhdP5dofZqn94KtcNmtprMEZedLFoTJWN7J19v6MFR6Xd9_L_-dNFBPlmuTOmKPWpwGw2lykBQx4oBzH5wHwVSOur1JS-Uvq9rEIXA&amp;__tn__=-]K-R\"><span class=\"xt0psk2\"><span class=\"xjp7ctv\">F\u00e9lix Hunot<\/span><\/span><\/a><\/span>\u00a0\u2013 Guitare \/ Chant \u2014 Rapha\u00ebl Dever \u2014 Contrebasse \u2014 Vincent Frade \u2014 Batterie<\/p>\n<p>Notre premier Impromptu Swing place Colette de l\u2019ann\u00e9e ==&gt;\u00a0<a href=\"https:\/\/fmrr94.no-ip.biz\/2026-01-17-IMPROMPTU-SWING-PLACE-COLETTE\/index.html\" target=\"_blank\" rel=\"noopener\">2026-01-17-IMPROMPTU-SWING-PLACE-COLETTE<\/a><\/p>\n<p>&nbsp;<\/p>\n<p>&nbsp;<\/p>\n","protected":false},"excerpt":{"rendered":"<p>Acc\u00e8s \u00e0 l\u2019ann\u00e9e pr\u00e9c\u00e9dente\u00a0 \u00a0 \u00a0 \u00a0 \u00a0 \u00a0 \u00a0 \u00a0 \u00a0 \u00a0 \u00a0 \u00a0 \u00a0 \u00a0 \u00a0 \u00a0 \u00a0 \u00a0 \u00a0 \u00a0 \u00a0 \u00a0 \u00a0 \u00a0 \u00a0 \u00a0 \u00a0 \u00a0 \u00a0 \u00a0 \u00a0 \u00a0 \u00a0 \u00a0 \u00a0 \u00a0 \u00a0 \u00a0 \u00a0 \u00a0 \u00a0 \u00a0 \u00a0 \u00a0 \u00a0 \u00a0 \u00a0 \u00a0 \u00a0 \u00a0 \u00a0 \u00a0 [&hellip;]<\/p>\n","protected":false},"author":1,"featured_media":0,"parent":0,"menu_order":0,"comment_status":"closed","ping_status":"closed","template":"","meta":{"_crdt_document":"","_lmt_disableupdate":"no","_lmt_disable":"no","_monsterinsights_skip_tracking":false,"_monsterinsights_sitenote_active":false,"_monsterinsights_sitenote_note":"","_monsterinsights_sitenote_category":0,"_uf_show_specific_survey":0,"_uf_disable_surveys":false,"ocean_post_layout":"","ocean_both_sidebars_style":"","ocean_both_sidebars_content_width":0,"ocean_both_sidebars_sidebars_width":0,"ocean_sidebar":"0","ocean_second_sidebar":"0","ocean_disable_margins":"enable","ocean_add_body_class":"","ocean_shortcode_before_top_bar":"","ocean_shortcode_after_top_bar":"","ocean_shortcode_before_header":"","ocean_shortcode_after_header":"","ocean_has_shortcode":"","ocean_shortcode_after_title":"","ocean_shortcode_before_footer_widgets":"","ocean_shortcode_after_footer_widgets":"","ocean_shortcode_before_footer_bottom":"","ocean_shortcode_after_footer_bottom":"","ocean_display_top_bar":"default","ocean_display_header":"default","ocean_header_style":"","ocean_center_header_left_menu":"0","ocean_custom_header_template":"0","ocean_custom_logo":0,"ocean_custom_retina_logo":0,"ocean_custom_logo_max_width":0,"ocean_custom_logo_tablet_max_width":0,"ocean_custom_logo_mobile_max_width":0,"ocean_custom_logo_max_height":0,"ocean_custom_logo_tablet_max_height":0,"ocean_custom_logo_mobile_max_height":0,"ocean_header_custom_menu":"0","ocean_menu_typo_font_family":"0","ocean_menu_typo_font_subset":"","ocean_menu_typo_font_size":0,"ocean_menu_typo_font_size_tablet":0,"ocean_menu_typo_font_size_mobile":0,"ocean_menu_typo_font_size_unit":"px","ocean_menu_typo_font_weight":"","ocean_menu_typo_font_weight_tablet":"","ocean_menu_typo_font_weight_mobile":"","ocean_menu_typo_transform":"","ocean_menu_typo_transform_tablet":"","ocean_menu_typo_transform_mobile":"","ocean_menu_typo_line_height":0,"ocean_menu_typo_line_height_tablet":0,"ocean_menu_typo_line_height_mobile":0,"ocean_menu_typo_line_height_unit":"","ocean_menu_typo_spacing":0,"ocean_menu_typo_spacing_tablet":0,"ocean_menu_typo_spacing_mobile":0,"ocean_menu_typo_spacing_unit":"","ocean_menu_link_color":"","ocean_menu_link_color_hover":"","ocean_menu_link_color_active":"","ocean_menu_link_background":"","ocean_menu_link_hover_background":"","ocean_menu_link_active_background":"","ocean_menu_social_links_bg":"","ocean_menu_social_hover_links_bg":"","ocean_menu_social_links_color":"","ocean_menu_social_hover_links_color":"","ocean_disable_title":"default","ocean_disable_heading":"default","ocean_post_title":"","ocean_post_subheading":"","ocean_post_title_style":"","ocean_post_title_background_color":"","ocean_post_title_background":0,"ocean_post_title_bg_image_position":"","ocean_post_title_bg_image_attachment":"","ocean_post_title_bg_image_repeat":"","ocean_post_title_bg_image_size":"","ocean_post_title_height":0,"ocean_post_title_bg_overlay":0.5,"ocean_post_title_bg_overlay_color":"","ocean_disable_breadcrumbs":"default","ocean_breadcrumbs_color":"","ocean_breadcrumbs_separator_color":"","ocean_breadcrumbs_links_color":"","ocean_breadcrumbs_links_hover_color":"","ocean_display_footer_widgets":"default","ocean_display_footer_bottom":"default","ocean_custom_footer_template":"0","footnotes":""},"class_list":["post-10149","page","type-page","status-publish","hentry","entry"],"aioseo_notices":[],"_links":{"self":[{"href":"https:\/\/fmrr94.no-ip.biz\/cathyfrancois\/wp-json\/wp\/v2\/pages\/10149","targetHints":{"allow":["GET"]}}],"collection":[{"href":"https:\/\/fmrr94.no-ip.biz\/cathyfrancois\/wp-json\/wp\/v2\/pages"}],"about":[{"href":"https:\/\/fmrr94.no-ip.biz\/cathyfrancois\/wp-json\/wp\/v2\/types\/page"}],"author":[{"embeddable":true,"href":"https:\/\/fmrr94.no-ip.biz\/cathyfrancois\/wp-json\/wp\/v2\/users\/1"}],"replies":[{"embeddable":true,"href":"https:\/\/fmrr94.no-ip.biz\/cathyfrancois\/wp-json\/wp\/v2\/comments?post=10149"}],"version-history":[{"count":0,"href":"https:\/\/fmrr94.no-ip.biz\/cathyfrancois\/wp-json\/wp\/v2\/pages\/10149\/revisions"}],"wp:attachment":[{"href":"https:\/\/fmrr94.no-ip.biz\/cathyfrancois\/wp-json\/wp\/v2\/media?parent=10149"}],"curies":[{"name":"wp","href":"https:\/\/api.w.org\/{rel}","templated":true}]}}